{"id":118264,"date":"2023-04-18T05:30:30","date_gmt":"2023-04-18T05:30:30","guid":{"rendered":"https:\/\/guidoheller.lucalovis.ch\/?page_id=118264"},"modified":"2023-05-01T08:17:43","modified_gmt":"2023-05-01T08:17:43","slug":"schulentwicklung","status":"publish","type":"page","link":"https:\/\/guidoheller.lucalovis.ch\/?page_id=118264","title":{"rendered":"Schulentwicklung"},"content":{"rendered":"<p>[vc_row row_height_percent=&#8220;50&#8243; override_padding=&#8220;yes&#8220; h_padding=&#8220;2&#8243; top_padding=&#8220;5&#8243; bottom_padding=&#8220;5&#8243; back_color=&#8220;color-133625&#8243; overlay_alpha=&#8220;50&#8243; gutter_size=&#8220;3&#8243; column_width_percent=&#8220;100&#8243; shift_y=&#8220;0&#8243; z_index=&#8220;0&#8243; uncode_shortcode_id=&#8220;164007&#8243; back_color_type=&#8220;uncode-palette&#8220;][vc_column column_width_use_pixel=&#8220;yes&#8220; position_vertical=&#8220;middle&#8220; gutter_size=&#8220;3&#8243; style=&#8220;dark&#8220; overlay_alpha=&#8220;50&#8243; shift_x=&#8220;0&#8243; shift_y=&#8220;0&#8243; shift_y_down=&#8220;0&#8243; z_index=&#8220;0&#8243; medium_width=&#8220;0&#8243; mobile_width=&#8220;0&#8243; width=&#8220;1\/1&#8243; column_width_pixel=&#8220;900&#8243; uncode_shortcode_id=&#8220;941322&#8243;][vc_custom_heading text_color=&#8220;color-184407&#8243; text_size=&#8220;fontsize-210105&#8243; text_height=&#8220;fontheight-357766&#8243; uncode_shortcode_id=&#8220;188819&#8243; text_color_type=&#8220;uncode-palette&#8220;]Jede Schule birgt wertvolle Sch\u00e4tze in sich.[\/vc_custom_heading][\/vc_column][\/vc_row][vc_row unlock_row_content=&#8220;yes&#8220; row_height_percent=&#8220;100&#8243; override_padding=&#8220;yes&#8220; h_padding=&#8220;0&#8243; top_padding=&#8220;0&#8243; bottom_padding=&#8220;0&#8243; overlay_alpha=&#8220;50&#8243; equal_height=&#8220;yes&#8220; gutter_size=&#8220;0&#8243; column_width_percent=&#8220;100&#8243; shift_y=&#8220;0&#8243; z_index=&#8220;0&#8243; uncode_shortcode_id=&#8220;253829&#8243;][vc_column column_width_percent=&#8220;90&#8243; position_vertical=&#8220;middle&#8220; gutter_size=&#8220;0&#8243; override_padding=&#8220;yes&#8220; column_padding=&#8220;0&#8243; back_image=&#8220;118698&#8243; overlay_alpha=&#8220;50&#8243; shift_x=&#8220;0&#8243; shift_y=&#8220;0&#8243; shift_y_down=&#8220;0&#8243; z_index=&#8220;0&#8243; medium_width=&#8220;0&#8243; mobile_width=&#8220;0&#8243; width=&#8220;1\/2&#8243; mobile_height=&#8220;340&#8243; uncode_shortcode_id=&#8220;910453&#8243;][vc_single_image media=&#8220;118696&#8243; media_width_percent=&#8220;100&#8243; alignment=&#8220;center&#8220; uncode_shortcode_id=&#8220;916826&#8243;][\/vc_column][vc_column column_width_use_pixel=&#8220;yes&#8220; position_vertical=&#8220;middle&#8220; gutter_size=&#8220;3&#8243; override_padding=&#8220;yes&#8220; column_padding=&#8220;5&#8243; style=&#8220;dark&#8220; back_color=&#8220;color-133625&#8243; overlay_alpha=&#8220;50&#8243; shift_x=&#8220;0&#8243; shift_y=&#8220;0&#8243; shift_y_down=&#8220;0&#8243; z_index=&#8220;0&#8243; medium_width=&#8220;0&#8243; mobile_width=&#8220;0&#8243; width=&#8220;1\/2&#8243; column_width_pixel=&#8220;528&#8243; uncode_shortcode_id=&#8220;453072&#8243; back_color_type=&#8220;uncode-palette&#8220;][vc_custom_heading text_size=&#8220;fontsize-155944&#8243; uncode_shortcode_id=&#8220;126066&#8243;]Schulentwicklung[\/vc_custom_heading][vc_column_text text_lead=&#8220;yes&#8220; uncode_shortcode_id=&#8220;180533&#8243;]<span dir=\"ltr\" role=\"presentation\">Als Coach f\u00fcr Schulentwicklung unterst\u00fctze ich Sie bei der Optimierung ihrer Schule. Ich begleite Sie <\/span><span dir=\"ltr\" role=\"presentation\">dabei, Ihre Schule zu einem Ort zu machen, an dem sich alle wohl f\u00fchlen k\u00f6nnen, wo echte <\/span><span dir=\"ltr\" role=\"presentation\">Partizipation gelebt wird, wo die Gesundheitsf\u00f6rderung einen hohe<\/span><span dir=\"ltr\" role=\"presentation\">n Stellenwert hat und an <\/span><span dir=\"ltr\" role=\"presentation\">welchem<\/span> <span dir=\"ltr\" role=\"presentation\">Sch\u00fcler<\/span><span dir=\"ltr\" role=\"presentation\">*innen<\/span> <span dir=\"ltr\" role=\"presentation\">optimal gef\u00f6rdert werden.<\/span>[\/vc_column_text][\/vc_column][\/vc_row][vc_row row_height_percent=&#8220;0&#8243; back_color=&#8220;color-133625&#8243; overlay_alpha=&#8220;50&#8243; gutter_size=&#8220;3&#8243; column_width_percent=&#8220;100&#8243; shift_y=&#8220;0&#8243; z_index=&#8220;0&#8243; uncode_shortcode_id=&#8220;202258&#8243; back_color_type=&#8220;uncode-palette&#8220;][vc_column width=&#8220;1\/1&#8243;][vc_empty_space empty_h=&#8220;1&#8243;][\/vc_column][\/vc_row][vc_row][vc_column width=&#8220;1\/1&#8243;][vc_empty_space empty_h=&#8220;1&#8243;][\/vc_column][\/vc_row][vc_row row_height_percent=&#8220;0&#8243; overlay_alpha=&#8220;50&#8243; gutter_size=&#8220;4&#8243; column_width_percent=&#8220;100&#8243; shift_y=&#8220;0&#8243; z_index=&#8220;0&#8243; uncode_shortcode_id=&#8220;182398&#8243;][vc_column width=&#8220;1\/2&#8243;][vc_icon icon_image=&#8220;118472&#8243; icon_color=&#8220;color-172190&#8243; background_style=&#8220;fa-rounded&#8220; media_size=&#8220;75&#8243; text_size=&#8220;h4&#8243; linked_title=&#8220;yes&#8220; no_hover=&#8220;&#8220; title=&#8220;Klare F\u00fchrung und gekl\u00e4rte Aufgaben&#8220; link=&#8220;|||&#8220; uncode_shortcode_id=&#8220;919849&#8243; icon_color_type=&#8220;uncode-palette&#8220;]Wir eruieren zusammen den Handlungsbedarf, um die F\u00fchrung der Schule optimal auszutarieren. Hier sind die F\u00fchrungs- und Organisationsstrukturen zu beachten, aber auch die Kl\u00e4rung der Aufgaben\/Delegationen auf Schulleitungs-, Steuergruppen- und Lehrpersonen-Ebene in Bezug auf das Delegationsdreieck Aufgaben- Kompetenzen (Ressourcen) &#8211; Verantwortung. Gemeinsam erarbeiten wir konkrete Handlungsschritte und leiten daraus einen Aktionsplan ab.[\/vc_icon][\/vc_column][vc_column width=&#8220;1\/2&#8243;][vc_icon icon_image=&#8220;118478&#8243; icon_color=&#8220;color-172190&#8243; background_style=&#8220;fa-rounded&#8220; media_size=&#8220;75&#8243; text_size=&#8220;h4&#8243; linked_title=&#8220;yes&#8220; no_hover=&#8220;&#8220; title=&#8220;Kommunikation auf Augenh\u00f6he und echte Partizipation&#8220; link=&#8220;|||&#8220; uncode_shortcode_id=&#8220;761399&#8243; icon_color_type=&#8220;uncode-palette&#8220;]Die Qualit\u00e4t einer Schule lebt in hohem Mass davon, ob die Kommunikation auf allen Ebenen achtsam, wertsch\u00e4tzend und auf Augenh\u00f6he stattfindet; und zwar von den Sch\u00fcler*innen zu den Lehrpersonen bis zur Ebene der Schulbeh\u00f6rden. Wir erarbeiten die n\u00e4chsten guten Schritte, um diesem Ziel n\u00e4her zu kommen und um echte Partizipation auf allen Ebenen zu etablieren.[\/vc_icon][\/vc_column][\/vc_row][vc_row row_height_percent=&#8220;0&#8243; overlay_alpha=&#8220;50&#8243; gutter_size=&#8220;4&#8243; column_width_percent=&#8220;100&#8243; shift_y=&#8220;0&#8243; z_index=&#8220;0&#8243; uncode_shortcode_id=&#8220;182210&#8243;][vc_column width=&#8220;1\/2&#8243;][vc_icon icon_image=&#8220;118475&#8243; icon_color=&#8220;color-172190&#8243; background_style=&#8220;fa-rounded&#8220; media_size=&#8220;75&#8243; text_size=&#8220;h4&#8243; linked_title=&#8220;yes&#8220; no_hover=&#8220;&#8220; title=&#8220;Lehrpersonen in den Rollen als Dozierende, Moderierende und Coaches&#8220; link=&#8220;|||&#8220; uncode_shortcode_id=&#8220;210137&#8243; icon_color_type=&#8220;uncode-palette&#8220;]Damit wir unseren Unterricht langfristig auf die Kompetenzorientierung ausrichten k\u00f6nnen, m\u00fcssen Lehrpersonen die Rollen als Dozierende, Moderierende oder als Coaches variabel nach Bedarf einnehmen, sowie die Sch\u00fcler*innen auf der Metaebene des Lernens begleiten k\u00f6nnen. Mit meiner langj\u00e4hrigen Erfahrung als Lehrer, Ausbilder Schulpraxis und Schulleiter kann ich Sie auf dem Weg dahin begleiten.[\/vc_icon][\/vc_column][vc_column width=&#8220;1\/2&#8243;][vc_icon icon_image=&#8220;118477&#8243; icon_color=&#8220;color-172190&#8243; background_style=&#8220;fa-rounded&#8220; media_size=&#8220;75&#8243; text_size=&#8220;h4&#8243; linked_title=&#8220;yes&#8220; no_hover=&#8220;&#8220; title=&#8220;Gesundheit auf psychischer, emotionaler und k\u00f6rperlicher Ebene&#8220; link=&#8220;|||&#8220; uncode_shortcode_id=&#8220;720609&#8243; icon_color_type=&#8220;uncode-palette&#8220;]An einer &#8222;gesunden&#8220; Schule f\u00fchlen sich alle Beteiligten m\u00f6glichst wohl &#8211; von den Lernenden zu den Lehrpersonen bis zu Schulleiter*innen, Beh\u00f6rdenmitgliedern, Hauswart*innen und Schulbusfahrenden. Die Funktionen sind gekl\u00e4rt, der Umgang ist wertsch\u00e4tzend und auf Augenh\u00f6he, die Qualit\u00e4t der Beziehungen hat einen hohen Stellenwert. Entsprechend ist es von Vorteil, wenn \u00fcber das Thema Beziehungskompetenz gesprochen wird und die Menschen dazu geschult sind. Gerne begleite ich Sie auf diesem Weg und teile meine Erfahrungen mit Ihnen.[\/vc_icon][\/vc_column][\/vc_row][vc_row][vc_column width=&#8220;1\/1&#8243;][vc_empty_space empty_h=&#8220;1&#8243;][\/vc_column][\/vc_row][vc_row row_height_percent=&#8220;50&#8243; override_padding=&#8220;yes&#8220; h_padding=&#8220;2&#8243; top_padding=&#8220;5&#8243; bottom_padding=&#8220;5&#8243; back_color=&#8220;color-133625&#8243; overlay_alpha=&#8220;50&#8243; gutter_size=&#8220;3&#8243; column_width_percent=&#8220;100&#8243; shift_y=&#8220;0&#8243; z_index=&#8220;0&#8243; uncode_shortcode_id=&#8220;185784&#8243; back_color_type=&#8220;uncode-palette&#8220;][vc_column column_width_use_pixel=&#8220;yes&#8220; position_vertical=&#8220;middle&#8220; gutter_size=&#8220;3&#8243; style=&#8220;dark&#8220; overlay_alpha=&#8220;50&#8243; shift_x=&#8220;0&#8243; shift_y=&#8220;0&#8243; shift_y_down=&#8220;0&#8243; z_index=&#8220;0&#8243; medium_width=&#8220;0&#8243; mobile_width=&#8220;0&#8243; width=&#8220;1\/1&#8243; column_width_pixel=&#8220;900&#8243; uncode_shortcode_id=&#8220;126898&#8243;][vc_custom_heading text_size=&#8220;fontsize-210105&#8243; text_height=&#8220;fontheight-357766&#8243; uncode_shortcode_id=&#8220;194382&#8243;]Impressionen aus Schulentwicklungsprozessen[\/vc_custom_heading][\/vc_column][\/vc_row][vc_row unlock_row_content=&#8220;yes&#8220; row_height_percent=&#8220;0&#8243; override_padding=&#8220;yes&#8220; h_padding=&#8220;0&#8243; top_padding=&#8220;0&#8243; bottom_padding=&#8220;0&#8243; back_color=&#8220;color-rgdb&#8220; overlay_alpha=&#8220;50&#8243; gutter_size=&#8220;3&#8243; column_width_percent=&#8220;100&#8243; shift_y=&#8220;0&#8243; z_index=&#8220;0&#8243; bottom_divider=&#8220;gradient&#8220; uncode_shortcode_id=&#8220;424095&#8243; back_color_type=&#8220;uncode-palette&#8220;][vc_column column_width_percent=&#8220;100&#8243; align_horizontal=&#8220;align_center&#8220; gutter_size=&#8220;3&#8243; style=&#8220;dark&#8220; overlay_alpha=&#8220;50&#8243; shift_x=&#8220;0&#8243; shift_y=&#8220;0&#8243; shift_y_down=&#8220;0&#8243; z_index=&#8220;0&#8243; medium_width=&#8220;0&#8243; mobile_width=&#8220;0&#8243; width=&#8220;1\/1&#8243; uncode_shortcode_id=&#8220;748599&#8243;][vc_gallery el_id=&#8220;gallery-97510143&#8243; type=&#8220;carousel&#8220; medias=&#8220;118875,118876&#8243; carousel_lg=&#8220;3&#8243; carousel_md=&#8220;3&#8243; carousel_sm=&#8220;1&#8243; gutter_size=&#8220;0&#8243; media_items=&#8220;media|lightbox|original&#8220; carousel_interval=&#8220;3000&#8243; carousel_navspeed=&#8220;400&#8243; stage_padding=&#8220;0&#8243; single_overlay_opacity=&#8220;50&#8243; single_overlay_anim=&#8220;no&#8220; single_text_anim=&#8220;no&#8220; single_h_align=&#8220;center&#8220; single_padding=&#8220;2&#8243; single_border=&#8220;yes&#8220; single_css_animation=&#8220;alpha-anim&#8220; single_animation_speed=&#8220;600&#8243; lbox_gallery_arrows_bg=&#8220;semi-transparent&#8220; lbox_title=&#8220;yes&#8220; lbox_social=&#8220;yes&#8220; lbox_deep=&#8220;yes&#8220; lbox_actual_size=&#8220;yes&#8220; lbox_full=&#8220;yes&#8220; lbox_download=&#8220;yes&#8220; lbox_counter=&#8220;yes&#8220; lbox_transition=&#8220;lg-soft-zoom&#8220; uncode_shortcode_id=&#8220;117670&#8243;][\/vc_column][\/vc_row]<\/p>\n","protected":false},"excerpt":{"rendered":"<p>[vc_row row_height_percent=&#8220;50&#8243; override_padding=&#8220;yes&#8220; h_padding=&#8220;2&#8243; top_padding=&#8220;5&#8243; bottom_padding=&#8220;5&#8243; back_color=&#8220;color-133625&#8243; overlay_alpha=&#8220;50&#8243; gutter_size=&#8220;3&#8243; column_width_percent=&#8220;100&#8243; shift_y=&#8220;0&#8243; z_index=&#8220;0&#8243; uncode_shortcode_id=&#8220;164007&#8243; back_color_type=&#8220;uncode-palette&#8220;][vc_column column_width_use_pixel=&#8220;yes&#8220; position_vertical=&#8220;middle&#8220; gutter_size=&#8220;3&#8243; style=&#8220;dark&#8220; overlay_alpha=&#8220;50&#8243; shift_x=&#8220;0&#8243; [&hellip;]<\/p>\n","protected":false},"author":1,"featured_media":0,"parent":0,"menu_order":0,"comment_status":"closed","ping_status":"closed","template":"","meta":{"footnotes":""},"_links":{"self":[{"href":"https:\/\/guidoheller.lucalovis.ch\/index.php?rest_route=\/wp\/v2\/pages\/118264"}],"collection":[{"href":"https:\/\/guidoheller.lucalovis.ch\/index.php?rest_route=\/wp\/v2\/pages"}],"about":[{"href":"https:\/\/guidoheller.lucalovis.ch\/index.php?rest_route=\/wp\/v2\/types\/page"}],"author":[{"embeddable":true,"href":"https:\/\/guidoheller.lucalovis.ch\/index.php?rest_route=\/wp\/v2\/users\/1"}],"replies":[{"embeddable":true,"href":"https:\/\/guidoheller.lucalovis.ch\/index.php?rest_route=%2Fwp%2Fv2%2Fcomments&post=118264"}],"version-history":[{"count":98,"href":"https:\/\/guidoheller.lucalovis.ch\/index.php?rest_route=\/wp\/v2\/pages\/118264\/revisions"}],"predecessor-version":[{"id":118896,"href":"https:\/\/guidoheller.lucalovis.ch\/index.php?rest_route=\/wp\/v2\/pages\/118264\/revisions\/118896"}],"wp:attachment":[{"href":"https:\/\/guidoheller.lucalovis.ch\/index.php?rest_route=%2Fwp%2Fv2%2Fmedia&parent=118264"}],"curies":[{"name":"wp","href":"https:\/\/api.w.org\/{rel}","templated":true}]}}