{"id":118242,"date":"2023-04-17T15:17:39","date_gmt":"2023-04-17T15:17:39","guid":{"rendered":"https:\/\/guidoheller.lucalovis.ch\/?page_id=118242"},"modified":"2023-05-01T14:33:55","modified_gmt":"2023-05-01T14:33:55","slug":"ueber-guido","status":"publish","type":"page","link":"https:\/\/guidoheller.lucalovis.ch\/?page_id=118242","title":{"rendered":"\u00fcber Guido"},"content":{"rendered":"<p>[vc_row unlock_row_content=&#8220;yes&#8220; row_height_percent=&#8220;0&#8243; override_padding=&#8220;yes&#8220; h_padding=&#8220;0&#8243; top_padding=&#8220;0&#8243; bottom_padding=&#8220;0&#8243; overlay_alpha=&#8220;50&#8243; equal_height=&#8220;yes&#8220; gutter_size=&#8220;0&#8243; column_width_percent=&#8220;100&#8243; shift_y=&#8220;0&#8243; z_index=&#8220;0&#8243; uncode_shortcode_id=&#8220;152844&#8243;][vc_column column_width_use_pixel=&#8220;yes&#8220; position_vertical=&#8220;middle&#8220; align_horizontal=&#8220;align_center&#8220; gutter_size=&#8220;3&#8243; override_padding=&#8220;yes&#8220; column_padding=&#8220;5&#8243; style=&#8220;dark&#8220; back_color=&#8220;color-133625&#8243; overlay_alpha=&#8220;50&#8243; shift_x=&#8220;0&#8243; shift_y=&#8220;0&#8243; shift_y_down=&#8220;0&#8243; z_index=&#8220;0&#8243; medium_width=&#8220;0&#8243; mobile_width=&#8220;0&#8243; width=&#8220;1\/2&#8243; column_width_pixel=&#8220;528&#8243; uncode_shortcode_id=&#8220;124032&#8243; back_color_type=&#8220;uncode-palette&#8220;][vc_custom_heading text_size=&#8220;fontsize-210105&#8243; uncode_shortcode_id=&#8220;194739&#8243;]Der Schatzsucher[\/vc_custom_heading][\/vc_column][vc_column column_width_percent=&#8220;100&#8243; position_vertical=&#8220;bottom&#8220; gutter_size=&#8220;0&#8243; override_padding=&#8220;yes&#8220; column_padding=&#8220;0&#8243; back_color=&#8220;color-133625&#8243; overlay_alpha=&#8220;50&#8243; shift_x=&#8220;0&#8243; shift_y=&#8220;0&#8243; shift_y_down=&#8220;0&#8243; z_index=&#8220;0&#8243; medium_width=&#8220;0&#8243; mobile_width=&#8220;0&#8243; width=&#8220;1\/2&#8243; mobile_height=&#8220;340&#8243; uncode_shortcode_id=&#8220;149360&#8243; back_color_type=&#8220;uncode-palette&#8220;][vc_single_image media=&#8220;118924&#8243; media_width_percent=&#8220;100&#8243; alignment=&#8220;center&#8220; uncode_shortcode_id=&#8220;563474&#8243;][\/vc_column][\/vc_row][vc_row row_height_percent=&#8220;70&#8243; override_padding=&#8220;yes&#8220; h_padding=&#8220;2&#8243; top_padding=&#8220;5&#8243; bottom_padding=&#8220;5&#8243; overlay_alpha=&#8220;100&#8243; gutter_size=&#8220;3&#8243; column_width_percent=&#8220;100&#8243; shift_y=&#8220;0&#8243; z_index=&#8220;0&#8243; row_height_use_pixel=&#8220;&#8220; uncode_shortcode_id=&#8220;109095&#8243;][vc_column column_width_use_pixel=&#8220;yes&#8220; position_vertical=&#8220;middle&#8220; gutter_size=&#8220;3&#8243; overlay_alpha=&#8220;50&#8243; shift_x=&#8220;0&#8243; shift_y=&#8220;0&#8243; shift_y_down=&#8220;0&#8243; z_index=&#8220;0&#8243; medium_width=&#8220;0&#8243; mobile_width=&#8220;0&#8243; zoom_width=&#8220;0&#8243; zoom_height=&#8220;0&#8243; column_width_pixel=&#8220;800&#8243; uncode_shortcode_id=&#8220;165193&#8243;][vc_column_text text_lead=&#8220;yes&#8220; uncode_shortcode_id=&#8220;150034&#8243;]Auf unserer Schatzsuche\u00a0 &#8211; zu Ihren Potenzialen und St\u00e4rken &#8211; bin ich mit Ihnen mit meinem Ressourcen-Rucksack unterwegs.<\/p>\n<p>Mit 13 Jahren F\u00fchrungserfahrung als Schulleiter bin ich ein erfahrener Coach, Moderator und Konzeptverfasser. Zudem habe ich langj\u00e4hrige Erfahrung als Lehrer und Ausbilder Schulpraxis und bin Spezialist f\u00fcr Gesundheitserziehung. Insgesamt verf\u00fcge ich \u00fcber ein breites Spektrum an Kompetenzen, die ich als Systemischer In- und Outdoor-Coach und Schulentwickler einsetzen kann.<\/p>\n<p>Ich bin Vater von vier erwachsenen T\u00f6chtern und S\u00f6hnen. Meine Freizeit verbringe ich aktuell als Handwerker, Bergsteiger, Musiker und Drechsler. In vergangenen Jahren war ich hobbym\u00e4ssig auch Winzer, Eselhalter, Theaterspieler und schuf Holzskulpturen.[\/vc_column_text][\/vc_column][\/vc_row][vc_row row_height_percent=&#8220;0&#8243; override_padding=&#8220;yes&#8220; h_padding=&#8220;2&#8243; top_padding=&#8220;5&#8243; bottom_padding=&#8220;5&#8243; back_color=&#8220;color-133625&#8243; overlay_alpha=&#8220;50&#8243; equal_height=&#8220;yes&#8220; gutter_size=&#8220;4&#8243; column_width_percent=&#8220;100&#8243; shift_y=&#8220;0&#8243; z_index=&#8220;0&#8243; uncode_shortcode_id=&#8220;161822&#8243; back_color_type=&#8220;uncode-palette&#8220;][vc_column width=&#8220;1\/2&#8243;][vc_single_image media=&#8220;118291&#8243; media_width_percent=&#8220;100&#8243; media_ratio=&#8220;three-four&#8220; uncode_shortcode_id=&#8220;140591&#8243;][\/vc_column][vc_column column_width_percent=&#8220;100&#8243; position_vertical=&#8220;middle&#8220; gutter_size=&#8220;3&#8243; style=&#8220;dark&#8220; overlay_alpha=&#8220;50&#8243; shift_x=&#8220;0&#8243; shift_y=&#8220;0&#8243; shift_y_down=&#8220;0&#8243; z_index=&#8220;0&#8243; medium_width=&#8220;0&#8243; mobile_width=&#8220;0&#8243; width=&#8220;1\/2&#8243; uncode_shortcode_id=&#8220;633843&#8243;][vc_custom_heading heading_semantic=&#8220;h3&#8243; text_size=&#8220;fontsize-210105&#8243; uncode_shortcode_id=&#8220;662034&#8243;]Mein Weg[\/vc_custom_heading][vc_column_text text_lead=&#8220;small&#8220; uncode_shortcode_id=&#8220;208946&#8243;]<strong>Berufserfahrung<\/strong><br \/>\nSystemischer In- und Outdoor-Coach<br \/>\nSchulleiter<br \/>\nSekundarlehrer<br \/>\nAusbilder Schulpraxis, Praxislehrer<\/p>\n<p><strong>Ausbildungen<\/strong><br \/>\nSystemische Erlebnisp\u00e4dagogik, planoalto<br \/>\nMAS Schulmanagement, aeB\/PH Luzern<br \/>\nCAS Ausbilder Schulpraxis mit SVEB 1, aeB\/PH Luzern<br \/>\nSekundarlehrdiplom, Universit\u00e4t Bern[\/vc_column_text][\/vc_column][\/vc_row][vc_row row_height_percent=&#8220;0&#8243; override_padding=&#8220;yes&#8220; h_padding=&#8220;2&#8243; top_padding=&#8220;5&#8243; bottom_padding=&#8220;5&#8243; overlay_alpha=&#8220;50&#8243; gutter_size=&#8220;3&#8243; column_width_percent=&#8220;100&#8243; shift_y=&#8220;0&#8243; z_index=&#8220;0&#8243;][vc_column column_width_use_pixel=&#8220;yes&#8220; align_horizontal=&#8220;align_center&#8220; gutter_size=&#8220;3&#8243; overlay_alpha=&#8220;50&#8243; shift_x=&#8220;0&#8243; shift_y=&#8220;0&#8243; shift_y_down=&#8220;0&#8243; z_index=&#8220;0&#8243; medium_width=&#8220;0&#8243; mobile_width=&#8220;0&#8243; width=&#8220;1\/1&#8243; column_width_pixel=&#8220;900&#8243;][vc_custom_heading heading_semantic=&#8220;h3&#8243; text_size=&#8220;h3&#8243; uncode_shortcode_id=&#8220;288145&#8243;]Nach einem ersten, unverbindlichen und kostenlosen Erstgespr\u00e4ch erstelle ich Ihnen bei Bedarf gerne eine Offerte.[\/vc_custom_heading][vc_button button_color=&#8220;color-211246&#8243; border_width=&#8220;0&#8243; uncode_shortcode_id=&#8220;700599&#8243; button_color_type=&#8220;uncode-palette&#8220;]079 392 91 71[\/vc_button][\/vc_column][\/vc_row]<\/p>\n","protected":false},"excerpt":{"rendered":"<p>[vc_row unlock_row_content=&#8220;yes&#8220; row_height_percent=&#8220;0&#8243; override_padding=&#8220;yes&#8220; h_padding=&#8220;0&#8243; top_padding=&#8220;0&#8243; bottom_padding=&#8220;0&#8243; overlay_alpha=&#8220;50&#8243; equal_height=&#8220;yes&#8220; gutter_size=&#8220;0&#8243; column_width_percent=&#8220;100&#8243; shift_y=&#8220;0&#8243; z_index=&#8220;0&#8243; uncode_shortcode_id=&#8220;152844&#8243;][vc_column column_width_use_pixel=&#8220;yes&#8220; position_vertical=&#8220;middle&#8220; align_horizontal=&#8220;align_center&#8220; gutter_size=&#8220;3&#8243; override_padding=&#8220;yes&#8220; column_padding=&#8220;5&#8243; [&hellip;]<\/p>\n","protected":false},"author":1,"featured_media":0,"parent":0,"menu_order":0,"comment_status":"closed","ping_status":"closed","template":"","meta":{"footnotes":""},"_links":{"self":[{"href":"https:\/\/guidoheller.lucalovis.ch\/index.php?rest_route=\/wp\/v2\/pages\/118242"}],"collection":[{"href":"https:\/\/guidoheller.lucalovis.ch\/index.php?rest_route=\/wp\/v2\/pages"}],"about":[{"href":"https:\/\/guidoheller.lucalovis.ch\/index.php?rest_route=\/wp\/v2\/types\/page"}],"author":[{"embeddable":true,"href":"https:\/\/guidoheller.lucalovis.ch\/index.php?rest_route=\/wp\/v2\/users\/1"}],"replies":[{"embeddable":true,"href":"https:\/\/guidoheller.lucalovis.ch\/index.php?rest_route=%2Fwp%2Fv2%2Fcomments&post=118242"}],"version-history":[{"count":44,"href":"https:\/\/guidoheller.lucalovis.ch\/index.php?rest_route=\/wp\/v2\/pages\/118242\/revisions"}],"predecessor-version":[{"id":118937,"href":"https:\/\/guidoheller.lucalovis.ch\/index.php?rest_route=\/wp\/v2\/pages\/118242\/revisions\/118937"}],"wp:attachment":[{"href":"https:\/\/guidoheller.lucalovis.ch\/index.php?rest_route=%2Fwp%2Fv2%2Fmedia&parent=118242"}],"curies":[{"name":"wp","href":"https:\/\/api.w.org\/{rel}","templated":true}]}}