{"id":118238,"date":"2023-04-17T15:10:53","date_gmt":"2023-04-17T15:10:53","guid":{"rendered":"https:\/\/guidoheller.lucalovis.ch\/?page_id=118238"},"modified":"2023-05-01T21:08:06","modified_gmt":"2023-05-01T21:08:06","slug":"home","status":"publish","type":"page","link":"https:\/\/guidoheller.lucalovis.ch\/","title":{"rendered":"Home"},"content":{"rendered":"<p>[vc_row unlock_row_content=&#8220;yes&#8220; row_height_percent=&#8220;0&#8243; override_padding=&#8220;yes&#8220; h_padding=&#8220;0&#8243; top_padding=&#8220;0&#8243; bottom_padding=&#8220;0&#8243; overlay_alpha=&#8220;50&#8243; equal_height=&#8220;yes&#8220; gutter_size=&#8220;0&#8243; column_width_percent=&#8220;100&#8243; shift_y=&#8220;0&#8243; z_index=&#8220;0&#8243; uncode_shortcode_id=&#8220;152844&#8243;][vc_column column_width_percent=&#8220;100&#8243; position_vertical=&#8220;bottom&#8220; gutter_size=&#8220;0&#8243; override_padding=&#8220;yes&#8220; column_padding=&#8220;0&#8243; back_color=&#8220;color-133625&#8243; overlay_alpha=&#8220;50&#8243; shift_x=&#8220;0&#8243; shift_y=&#8220;0&#8243; shift_y_down=&#8220;0&#8243; z_index=&#8220;0&#8243; medium_width=&#8220;0&#8243; mobile_width=&#8220;0&#8243; width=&#8220;1\/2&#8243; mobile_height=&#8220;340&#8243; uncode_shortcode_id=&#8220;149360&#8243; back_color_type=&#8220;uncode-palette&#8220;][vc_single_image media=&#8220;118922&#8243; media_width_percent=&#8220;100&#8243; alignment=&#8220;center&#8220; uncode_shortcode_id=&#8220;201299&#8243;][\/vc_column][vc_column column_width_use_pixel=&#8220;yes&#8220; position_vertical=&#8220;middle&#8220; gutter_size=&#8220;3&#8243; override_padding=&#8220;yes&#8220; column_padding=&#8220;5&#8243; style=&#8220;dark&#8220; back_color=&#8220;color-133625&#8243; overlay_alpha=&#8220;50&#8243; shift_x=&#8220;0&#8243; shift_y=&#8220;0&#8243; shift_y_down=&#8220;0&#8243; z_index=&#8220;0&#8243; medium_width=&#8220;0&#8243; mobile_width=&#8220;0&#8243; width=&#8220;1\/2&#8243; column_width_pixel=&#8220;528&#8243; uncode_shortcode_id=&#8220;453072&#8243; back_color_type=&#8220;uncode-palette&#8220;][vc_custom_heading text_size=&#8220;fontsize-210105&#8243; uncode_shortcode_id=&#8220;616288&#8243;]Ihre St\u00e4rken<br \/>\nsind Ihre Sch\u00e4tze[\/vc_custom_heading][vc_column_text text_lead=&#8220;yes&#8220; uncode_shortcode_id=&#8220;138713&#8243;]<strong>Systemisches In- und Outdoor-Coaching und Schulentwicklung<\/strong><\/p>\n<p>Ich begleite Sie zu Ihren Ressourcen und inneren Sch\u00e4tzen in Pers\u00f6nlichkeits-, Team- und F\u00fchrungsprozessen. Wir arbeiten indoor oder outdoor, je nachdem, was am besten unterst\u00fctzt.[\/vc_column_text][vc_button button_color=&#8220;color-152738&#8243; text_skin=&#8220;yes&#8220; border_width=&#8220;0&#8243; uncode_shortcode_id=&#8220;617089&#8243; button_color_type=&#8220;uncode-palette&#8220; link=&#8220;url:https%3A%2F%2Fguidoheller.lucalovis.ch%2Fueber-guido%2F|title:%C3%BCber%20Guido&#8220;]Mehr erfahren[\/vc_button][\/vc_column][\/vc_row][vc_row row_height_percent=&#8220;0&#8243; override_padding=&#8220;yes&#8220; h_padding=&#8220;2&#8243; top_padding=&#8220;5&#8243; bottom_padding=&#8220;5&#8243; overlay_alpha=&#8220;50&#8243; equal_height=&#8220;yes&#8220; gutter_size=&#8220;4&#8243; column_width_percent=&#8220;100&#8243; shift_y=&#8220;0&#8243; z_index=&#8220;0&#8243;][vc_column width=&#8220;1\/2&#8243;][vc_single_image media=&#8220;118291&#8243; media_width_percent=&#8220;100&#8243; media_ratio=&#8220;three-four&#8220; uncode_shortcode_id=&#8220;140591&#8243;][\/vc_column][vc_column column_width_percent=&#8220;100&#8243; position_vertical=&#8220;middle&#8220; gutter_size=&#8220;4&#8243; overlay_alpha=&#8220;50&#8243; shift_x=&#8220;0&#8243; shift_y=&#8220;0&#8243; shift_y_down=&#8220;0&#8243; z_index=&#8220;0&#8243; medium_width=&#8220;0&#8243; mobile_width=&#8220;0&#8243; width=&#8220;1\/2&#8243;][vc_custom_heading heading_semantic=&#8220;h3&#8243; text_size=&#8220;fontsize-155944&#8243; uncode_shortcode_id=&#8220;149821&#8243;]Coaching[\/vc_custom_heading][vc_column_text uncode_shortcode_id=&#8220;978956&#8243;]<strong>Sie stecken in einer anspruchsvollen Situation und m\u00f6chten eine Aussensicht und eine Wegbegleitung \u2026<\/strong><\/p>\n<p>Ich unterstu\u0308tze Einzelpersonen und Teams dabei ihre St\u00e4rken und Potenziale zu entdecken und zu nutzen, um so ihr pers\u00f6nliches und berufliches Leben erfolgreicher und erfu\u0308llter zu gestalten. Dabei geht es mir nicht nur um kurzfristige Erfolge, sondern auch um nachhaltige Ver\u00e4nderungen. Mein Ansatz als \u201eDer Schatzsucher\u201c ist von der \u00dcberzeugung gepr\u00e4gt, dass jeder Mensch wertvolle Sch\u00e4tze in sich tr\u00e4gt, die darauf warten, entdeckt und genutzt zu werden.[\/vc_column_text][vc_button button_color=&#8220;color-211246&#8243; text_skin=&#8220;yes&#8220; border_width=&#8220;0&#8243; uncode_shortcode_id=&#8220;921374&#8243; button_color_type=&#8220;uncode-palette&#8220; link=&#8220;url:https%3A%2F%2Fguidoheller.lucalovis.ch%2Fcoaching%2F|title:Coaching&#8220;]Mehr erfahren[\/vc_button][\/vc_column][\/vc_row][vc_row row_height_percent=&#8220;0&#8243; override_padding=&#8220;yes&#8220; h_padding=&#8220;2&#8243; top_padding=&#8220;5&#8243; bottom_padding=&#8220;5&#8243; back_color=&#8220;color-133625&#8243; overlay_alpha=&#8220;50&#8243; equal_height=&#8220;yes&#8220; gutter_size=&#8220;4&#8243; column_width_percent=&#8220;100&#8243; shift_y=&#8220;0&#8243; z_index=&#8220;0&#8243; uncode_shortcode_id=&#8220;152335&#8243; back_color_type=&#8220;uncode-palette&#8220;][vc_column width=&#8220;1\/2&#8243;][vc_single_image media=&#8220;118291&#8243; media_width_percent=&#8220;100&#8243; media_ratio=&#8220;three-four&#8220; uncode_shortcode_id=&#8220;140591&#8243;][\/vc_column][vc_column column_width_percent=&#8220;100&#8243; position_vertical=&#8220;middle&#8220; gutter_size=&#8220;4&#8243; style=&#8220;dark&#8220; overlay_alpha=&#8220;50&#8243; shift_x=&#8220;0&#8243; shift_y=&#8220;0&#8243; shift_y_down=&#8220;0&#8243; z_index=&#8220;0&#8243; medium_width=&#8220;0&#8243; mobile_width=&#8220;0&#8243; width=&#8220;1\/2&#8243; uncode_shortcode_id=&#8220;210165&#8243;][vc_custom_heading heading_semantic=&#8220;h3&#8243; text_size=&#8220;fontsize-155944&#8243; uncode_shortcode_id=&#8220;446834&#8243;]Schulentwicklung[\/vc_custom_heading][vc_column_text uncode_shortcode_id=&#8220;679750&#8243;]<strong>Sie m\u00f6chten als Schulleiter*in eine externe Fachperson engagieren fu\u0308r eine Begleitung Ihrer<br \/>\n<\/strong><strong>Schulentwicklungsprozesse \u2026<\/strong><\/p>\n<p>Als Coach fu\u0308r Schulentwicklung unterstu\u0308tze ich Sie bei der Optimierung ihrer Schule. Ich begleite Sie dabei, Ihre Schule zu einem Ort zu machen, an dem sich alle wohl fu\u0308hlen k\u00f6nnen, wo echte Partizipation gelebt wird, wo die Gesundheitsf\u00f6rderung einen hohen Stellenwert hat und an welchem Schu\u0308ler*innen optimal gef\u00f6rdert werden.[\/vc_column_text][vc_button button_color=&#8220;color-152738&#8243; border_width=&#8220;0&#8243; uncode_shortcode_id=&#8220;138113&#8243; button_color_type=&#8220;uncode-palette&#8220; link=&#8220;url:https%3A%2F%2Fguidoheller.lucalovis.ch%2Fschulentwicklung%2F|title:Schulentwicklung&#8220;]Mehr erfahren[\/vc_button][\/vc_column][\/vc_row][vc_row row_height_percent=&#8220;70&#8243; back_color=&#8220;color-184407&#8243; overlay_alpha=&#8220;50&#8243; gutter_size=&#8220;3&#8243; column_width_percent=&#8220;100&#8243; shift_y=&#8220;0&#8243; z_index=&#8220;0&#8243; uncode_shortcode_id=&#8220;776545&#8243; back_color_type=&#8220;uncode-palette&#8220;][vc_column column_width_percent=&#8220;100&#8243; position_vertical=&#8220;middle&#8220; align_horizontal=&#8220;align_center&#8220; gutter_size=&#8220;3&#8243; overlay_alpha=&#8220;50&#8243; shift_x=&#8220;0&#8243; shift_y=&#8220;0&#8243; shift_y_down=&#8220;0&#8243; z_index=&#8220;0&#8243; medium_width=&#8220;0&#8243; mobile_width=&#8220;0&#8243; width=&#8220;1\/1&#8243; uncode_shortcode_id=&#8220;102526&#8243;][vc_custom_heading heading_semantic=&#8220;h3&#8243; text_size=&#8220;fontsize-155944&#8243; uncode_shortcode_id=&#8220;120409&#8243;]Entdecken Sie die aktuellen Angebote[\/vc_custom_heading][uncode_index el_id=&#8220;index-871681&#8243; index_type=&#8220;carousel&#8220; loop=&#8220;size:10|order_by:date|post_type:post|taxonomy_count:10&#8243; carousel_lg=&#8220;3&#8243; carousel_md=&#8220;3&#8243; carousel_sm=&#8220;1&#8243; gutter_size=&#8220;4&#8243; post_items=&#8220;media|featured|onpost|original,date,title&#8220; carousel_height=&#8220;equal&#8220; carousel_interval=&#8220;3000&#8243; carousel_navspeed=&#8220;400&#8243; carousel_overflow=&#8220;yes&#8220; carousel_dots=&#8220;yes&#8220; carousel_dots_mobile=&#8220;yes&#8220; stage_padding=&#8220;0&#8243; single_overlay_opacity=&#8220;50&#8243; single_overlay_anim=&#8220;no&#8220; single_image_magnetic=&#8220;yes&#8220; single_padding=&#8220;1&#8243; single_title_dimension=&#8220;h3&#8243; single_meta_custom_typo=&#8220;yes&#8220; single_meta_size=&#8220;large&#8220; single_border=&#8220;yes&#8220; single_css_animation=&#8220;alpha-anim&#8220; single_animation_speed=&#8220;800&#8243; horizontal_th_size=&#8220;grid&#8220; uncode_shortcode_id=&#8220;148292&#8243;][\/vc_column][\/vc_row][vc_row row_height_percent=&#8220;0&#8243; back_color=&#8220;color-133625&#8243; overlay_alpha=&#8220;50&#8243; gutter_size=&#8220;3&#8243; column_width_percent=&#8220;100&#8243; shift_y=&#8220;0&#8243; z_index=&#8220;0&#8243; uncode_shortcode_id=&#8220;192921&#8243; back_color_type=&#8220;uncode-palette&#8220;][vc_column width=&#8220;1\/1&#8243;][vc_empty_space empty_h=&#8220;0&#8243;][\/vc_column][\/vc_row][vc_row unlock_row_content=&#8220;yes&#8220; row_height_percent=&#8220;50&#8243; back_color=&#8220;color-133625&#8243; overlay_alpha=&#8220;50&#8243; gutter_size=&#8220;3&#8243; column_width_percent=&#8220;100&#8243; border_color=&#8220;transparent&#8220; shift_y=&#8220;0&#8243; z_index=&#8220;0&#8243; uncode_shortcode_id=&#8220;148051&#8243; back_color_type=&#8220;uncode-palette&#8220; border_color_type=&#8220;uncode-palette&#8220;][vc_column column_width_percent=&#8220;70&#8243; position_vertical=&#8220;middle&#8220; align_horizontal=&#8220;align_center&#8220; gutter_size=&#8220;4&#8243; style=&#8220;dark&#8220; overlay_alpha=&#8220;50&#8243; shift_x=&#8220;0&#8243; shift_y=&#8220;0&#8243; shift_y_down=&#8220;0&#8243; z_index=&#8220;0&#8243; medium_width=&#8220;0&#8243; mobile_width=&#8220;0&#8243; width=&#8220;1\/1&#8243; uncode_shortcode_id=&#8220;117501&#8243;][vc_custom_heading text_color=&#8220;color-184407&#8243; heading_semantic=&#8220;h3&#8243; text_size=&#8220;fontsize-155944&#8243; uncode_shortcode_id=&#8220;121998&#8243; text_color_type=&#8220;uncode-palette&#8220;]Partner und Mitgliedschaft[\/vc_custom_heading][vc_gallery el_id=&#8220;gallery-318462-433-350-286&#8243; type=&#8220;carousel&#8220; medias=&#8220;118363,118362,118359,118373&#8243; carousel_lg=&#8220;3&#8243; carousel_md=&#8220;3&#8243; carousel_sm=&#8220;2&#8243; gutter_size=&#8220;6&#8243; media_items=&#8220;media|custom_link|original,title,caption&#8220; carousel_height=&#8220;equal&#8220; carousel_interval=&#8220;3000&#8243; carousel_navspeed=&#8220;400&#8243; carousel_dots=&#8220;yes&#8220; stage_padding=&#8220;0&#8243; single_text=&#8220;under&#8220; single_style=&#8220;dark&#8220; single_shape=&#8220;circle&#8220; single_overlay_color=&#8220;color-152738&#8243; single_overlay_opacity=&#8220;50&#8243; single_overlay_anim=&#8220;no&#8220; single_text_anim=&#8220;no&#8220; single_image_anim=&#8220;no&#8220; single_h_align=&#8220;center&#8220; single_padding=&#8220;1&#8243; single_title_dimension=&#8220;h5&#8243; single_icon=&#8220;fa fa-plus2&#8243; single_border=&#8220;yes&#8220; lbox_title=&#8220;yes&#8220; lbox_caption=&#8220;yes&#8220; carousel_rtl=&#8220;&#8220; single_half_padding=&#8220;yes&#8220; single_title_uppercase=&#8220;&#8220; single_title_serif=&#8220;&#8220; single_no_background=&#8220;yes&#8220; items=&#8220;eyIxMzc2M19pIjp7InNpbmdsZV9saW5rIjoidXJsOmh0dHAlM0ElMkYlMkZ3d3cudW5kc2duLmNvbXx8dGFyZ2V0OiUyMF9ibGFuayJ9LCIxMzc2OV9pIjp7InNpbmdsZV9saW5rIjoidXJsOmh0dHAlM0ElMkYlMkZ3d3cudW5kc2duLmNvbXx8dGFyZ2V0OiUyMF9ibGFuayJ9LCIxMzc3MF9pIjp7InNpbmdsZV9saW5rIjoidXJsOmh0dHAlM0ElMkYlMkZ3d3cudW5kc2duLmNvbXx8dGFyZ2V0OiUyMF9ibGFuayJ9LCIxMzc2Nl9pIjp7InNpbmdsZV9saW5rIjoidXJsOmh0dHAlM0ElMkYlMkZ3d3cudW5kc2duLmNvbXx8dGFyZ2V0OiUyMF9ibGFuayJ9LCIxMTgzNzNfaSI6eyJzaW5nbGVfbGluayI6InVybDpodHRwcyUzQSUyRiUyRjlnYWcuY29tJTJGfHRhcmdldDpfYmxhbmsifSwiMTE4MzYzX2kiOnsic2luZ2xlX2xpbmsiOiJ1cmw6aHR0cHMlM0ElMkYlMkZ3d3cuYW13ZWJzdHVobGRlc2xlYmVucy5jaHx0YXJnZXQ6X2JsYW5rIn0sIjExODM2Ml9pIjp7InNpbmdsZV9saW5rIjoidXJsOmh0dHBzJTNBJTJGJTJGd3d3LmdsJUMzJUJDY2t3JUMzJUE0cnRzLmNoJTJGfHRhcmdldDpfYmxhbmsifSwiMTE4MzU5X2kiOnsic2luZ2xlX2xpbmsiOiJ1cmw6aHR0cHMlM0ElMkYlMkZ3d3cud29jaGU1My5jaHx0YXJnZXQ6X2JsYW5rIn19&#8243; uncode_shortcode_id=&#8220;198815&#8243;][\/vc_column][\/vc_row][vc_row row_height_percent=&#8220;0&#8243; back_color=&#8220;color-133625&#8243; overlay_alpha=&#8220;50&#8243; gutter_size=&#8220;3&#8243; column_width_percent=&#8220;70&#8243; shift_y=&#8220;0&#8243; z_index=&#8220;0&#8243; uncode_shortcode_id=&#8220;749805&#8243; back_color_type=&#8220;uncode-palette&#8220;][vc_column column_width_percent=&#8220;100&#8243; align_horizontal=&#8220;align_center&#8220; gutter_size=&#8220;3&#8243; style=&#8220;dark&#8220; overlay_alpha=&#8220;50&#8243; shift_x=&#8220;0&#8243; shift_y=&#8220;0&#8243; shift_y_down=&#8220;0&#8243; z_index=&#8220;0&#8243; medium_width=&#8220;0&#8243; mobile_width=&#8220;0&#8243; width=&#8220;1\/3&#8243; uncode_shortcode_id=&#8220;986956&#8243;][vc_icon icon_image=&#8220;118858&#8243; icon_color=&#8220;color-133625&#8243; background_style=&#8220;fa-rounded&#8220; media_size=&#8220;75&#8243; text_size=&#8220;h4&#8243; linked_title=&#8220;yes&#8220; no_hover=&#8220;&#8220; title=&#8220;Erbinat&#8220; link=&#8220;|||&#8220; uncode_shortcode_id=&#8220;592243&#8243; icon_color_type=&#8220;uncode-palette&#8220;]Berufsverband f\u00fcr Erleben und Bildung in der Natur[\/vc_icon][\/vc_column][\/vc_row][vc_row row_height_percent=&#8220;0&#8243; back_color=&#8220;color-133625&#8243; overlay_alpha=&#8220;50&#8243; gutter_size=&#8220;3&#8243; column_width_percent=&#8220;100&#8243; shift_y=&#8220;0&#8243; z_index=&#8220;0&#8243; uncode_shortcode_id=&#8220;163474&#8243; back_color_type=&#8220;uncode-palette&#8220;][vc_column width=&#8220;1\/1&#8243;][vc_empty_space empty_h=&#8220;0&#8243;][\/vc_column][\/vc_row][vc_row row_height_percent=&#8220;50&#8243; override_padding=&#8220;yes&#8220; h_padding=&#8220;2&#8243; top_padding=&#8220;5&#8243; bottom_padding=&#8220;5&#8243; overlay_alpha=&#8220;100&#8243; gutter_size=&#8220;100&#8243; column_width_percent=&#8220;50&#8243; shift_y=&#8220;0&#8243; z_index=&#8220;0&#8243; style=&#8220;inherited&#8220; uncode_shortcode_id=&#8220;337431&#8243;][vc_column column_width_percent=&#8220;100&#8243; position_vertical=&#8220;middle&#8220; align_horizontal=&#8220;align_center&#8220; gutter_size=&#8220;3&#8243; overlay_alpha=&#8220;100&#8243; shift_x=&#8220;0&#8243; shift_y=&#8220;0&#8243; shift_y_down=&#8220;0&#8243; z_index=&#8220;0&#8243; medium_width=&#8220;0&#8243; mobile_width=&#8220;0&#8243; zoom_width=&#8220;0&#8243; zoom_height=&#8220;0&#8243; width=&#8220;1\/1&#8243;][vc_gallery el_id=&#8220;gallery-518005619&#8243; type=&#8220;carousel&#8220; medias=&#8220;118939,118940,118941,118942,118943,118944,118945&#8243; carousel_lg=&#8220;1&#8243; carousel_md=&#8220;1&#8243; carousel_sm=&#8220;1&#8243; gutter_size=&#8220;0&#8243; media_items=&#8220;media|lightbox|poster&#8220; carousel_type=&#8220;fade&#8220; carousel_interval=&#8220;5000&#8243; carousel_navspeed=&#8220;200&#8243; carousel_dots=&#8220;yes&#8220; carousel_autoh=&#8220;yes&#8220; carousel_textual=&#8220;yes&#8220; stage_padding=&#8220;0&#8243; single_style=&#8220;dark&#8220; single_overlay_opacity=&#8220;50&#8243; single_overlay_anim=&#8220;no&#8220; single_text_anim=&#8220;no&#8220; single_image_anim=&#8220;no&#8220; single_h_align=&#8220;center&#8220; single_padding=&#8220;2&#8243; single_title_dimension=&#8220;h4&#8243; single_title_height=&#8220;fontheight-524109&#8243; single_css_animation=&#8220;zoom-in&#8220; single_animation_delay=&#8220;200&#8243; carousel_rtl=&#8220;&#8220; single_half_padding=&#8220;&#8220; single_title_uppercase=&#8220;&#8220; single_title_bold=&#8220;&#8220; single_title_serif=&#8220;&#8220; single_no_background=&#8220;&#8220; carousel_twitter=&#8220;yes&#8220; uncode_shortcode_id=&#8220;945125&#8243;][\/vc_column][\/vc_row]<\/p>\n","protected":false},"excerpt":{"rendered":"<p>[vc_row unlock_row_content=&#8220;yes&#8220; row_height_percent=&#8220;0&#8243; override_padding=&#8220;yes&#8220; h_padding=&#8220;0&#8243; top_padding=&#8220;0&#8243; bottom_padding=&#8220;0&#8243; overlay_alpha=&#8220;50&#8243; equal_height=&#8220;yes&#8220; gutter_size=&#8220;0&#8243; column_width_percent=&#8220;100&#8243; shift_y=&#8220;0&#8243; z_index=&#8220;0&#8243; uncode_shortcode_id=&#8220;152844&#8243;][vc_column column_width_percent=&#8220;100&#8243; position_vertical=&#8220;bottom&#8220; gutter_size=&#8220;0&#8243; override_padding=&#8220;yes&#8220; column_padding=&#8220;0&#8243; back_color=&#8220;color-133625&#8243; [&hellip;]<\/p>\n","protected":false},"author":1,"featured_media":0,"parent":0,"menu_order":0,"comment_status":"closed","ping_status":"closed","template":"","meta":{"footnotes":""},"_links":{"self":[{"href":"https:\/\/guidoheller.lucalovis.ch\/index.php?rest_route=\/wp\/v2\/pages\/118238"}],"collection":[{"href":"https:\/\/guidoheller.lucalovis.ch\/index.php?rest_route=\/wp\/v2\/pages"}],"about":[{"href":"https:\/\/guidoheller.lucalovis.ch\/index.php?rest_route=\/wp\/v2\/types\/page"}],"author":[{"embeddable":true,"href":"https:\/\/guidoheller.lucalovis.ch\/index.php?rest_route=\/wp\/v2\/users\/1"}],"replies":[{"embeddable":true,"href":"https:\/\/guidoheller.lucalovis.ch\/index.php?rest_route=%2Fwp%2Fv2%2Fcomments&post=118238"}],"version-history":[{"count":239,"href":"https:\/\/guidoheller.lucalovis.ch\/index.php?rest_route=\/wp\/v2\/pages\/118238\/revisions"}],"predecessor-version":[{"id":118968,"href":"https:\/\/guidoheller.lucalovis.ch\/index.php?rest_route=\/wp\/v2\/pages\/118238\/revisions\/118968"}],"wp:attachment":[{"href":"https:\/\/guidoheller.lucalovis.ch\/index.php?rest_route=%2Fwp%2Fv2%2Fmedia&parent=118238"}],"curies":[{"name":"wp","href":"https:\/\/api.w.org\/{rel}","templated":true}]}}